{"id":15,"date":"2012-12-14T02:51:12","date_gmt":"2012-12-14T00:51:12","guid":{"rendered":"http:\/\/blog.buergerverein-moltkeviertel.de\/wordpress\/?page_id=15"},"modified":"2017-07-19T16:16:33","modified_gmt":"2017-07-19T14:16:33","slug":"architektur","status":"publish","type":"page","link":"https:\/\/www.buergerverein-moltkeviertel.de\/wordpress\/architektur\/","title":{"rendered":"Architektur"},"content":{"rendered":"<h2>BAUSTILE UND -EPOCHEN<\/h2>\n<ul>\n<li>Beitrag von\u00a0<a href=\"http:\/\/www.tastach.de\/\" target=\"_blank\" rel=\"noopener noreferrer\">Tankred Stachelhaus<\/a><\/li>\n<li>\u00a0<a href=\"http:\/\/de.wikipedia.org\/wiki\/Moltkeviertel#Stadtplanung\" target=\"_blank\" rel=\"noopener noreferrer\">hier\u00a0<\/a>(Wikipedia)<\/li>\n<li>\u00a0<a href=\"http:\/\/www.baukunst-nrw.de\/objekte\/Moltkeviertel-Essen-Suedostviertel-und-Essen-Huttrop--1944.htm\" target=\"_blank\" rel=\"noopener noreferrer\">hier\u00a0<\/a>(Forum Baukunst NRW der Architektenkammer NRW)<\/li>\n<\/ul>\n<h2>BESONDERE BAUWERKE<\/h2>\n<ul>\n<li>\u00a0<a href=\"http:\/\/de.wikipedia.org\/wiki\/Moltkeviertel#Weiteres\" target=\"_blank\" rel=\"noopener noreferrer\">hier<\/a><\/li>\n<\/ul>\n<h2>ARCHITEKTEN<\/h2>\n<p>F\u00fcr mehr Informationen \u00fcber einzelne dieser Architekten klicken Sie auf die nachfolgenden Namen.<\/p>\n<ul>\n<li>\u00a0\u00a0\u00a0\u00a0<a href=\"http:\/\/de.wikipedia.org\/wiki\/Georg_Metzendorf\" target=\"_blank\" rel=\"noopener noreferrer\">Georg Metzendorf<\/a><\/li>\n<li>\u00a0\u00a0\u00a0\u00a0<a href=\"http:\/\/de.wikipedia.org\/wiki\/Edmund_K%C3%B6rner\" target=\"_blank\" rel=\"noopener noreferrer\">Edmund K\u00f6rner<\/a><\/li>\n<li>\u00a0\u00a0\u00a0\u00a0<a href=\"http:\/\/de.wikipedia.org\/wiki\/Otto_Bartning\" target=\"_blank\" rel=\"noopener noreferrer\">Otto Bartning<\/a><\/li>\n<li>\u00a0\u00a0\u00a0\u00a0<a href=\"http:\/\/de.wikipedia.org\/wiki\/Otto_Linne\" target=\"_blank\" rel=\"noopener noreferrer\">Otto Linne<\/a><\/li>\n<li>\u00a0\u00a0\u00a0\u00a0<a href=\"http:\/\/de.wikipedia.org\/wiki\/Alfred_Fischer_%28Architekt%29\" target=\"_blank\" rel=\"noopener noreferrer\">Alfred Fischer<\/a><\/li>\n<li>\u00a0\u00a0\u00a0\u00a0<a href=\"http:\/\/de.wikipedia.org\/wiki\/Kleesattel\" target=\"_blank\" rel=\"noopener noreferrer\">Josef Kleesattel<\/a><\/li>\n<li>\u00a0\u00a0\u00a0\u00a0<a href=\"http:\/\/de.wikipedia.org\/wiki\/Oskar_Schwer\" target=\"_blank\" rel=\"noopener noreferrer\">Oskar Schwer<\/a><\/li>\n<li>\u00a0\u00a0\u00a0\u00a0<a href=\"http:\/\/de.wikipedia.org\/wiki\/Kunhenn\" target=\"_blank\" rel=\"noopener noreferrer\">Oskar Kuhnhenn<\/a><\/li>\n<\/ul>\n<h2>ARCHITEKTEN UND DIE VON IHNEN IM MOLTKEVIERTEL GEBAUTEN GEB\u00c4UDE<\/h2>\n<p>Im Jahre 2009 wurde damit begonnen, f\u00fcr das Moltkeviertel eine Liste der Architekten und der von ihnen im Moltkeviertel gebauten Geb\u00e4ude zusammenzutragen. Wir danken Herrn Dr. J\u00f6rg Krekel sehr herzlich f\u00fcr diese Liste. Die vorliegende Liste wird in zwei Sortierungen wiedergegeben:<\/p>\n<ul>\n<li>\u00a0\u00a0\u00a0 sortiert nach Name des Architekten und des Baujahrs<\/li>\n<li>\u00a0\u00a0\u00a0 sortiert nach Stra\u00dfe und Hausnummer.<\/li>\n<\/ul>\n","protected":false},"excerpt":{"rendered":"<p>BAUSTILE UND -EPOCHEN Beitrag von\u00a0Tankred Stachelhaus \u00a0hier\u00a0(Wikipedia) \u00a0hier\u00a0(Forum Baukunst NRW der Architektenkammer NRW) BESONDERE BAUWERKE \u00a0hier ARCHITEKTEN F\u00fcr mehr Informationen \u00fcber einzelne dieser Architekten klicken Sie auf die nachfolgenden Namen. \u00a0\u00a0\u00a0\u00a0Georg Metzendorf \u00a0\u00a0\u00a0\u00a0Edmund K\u00f6rner \u00a0\u00a0\u00a0\u00a0Otto Bartning \u00a0\u00a0\u00a0\u00a0Otto Linne \u00a0\u00a0\u00a0\u00a0Alfred Fischer \u00a0\u00a0\u00a0\u00a0Josef Kleesattel \u00a0\u00a0\u00a0\u00a0Oskar Schwer \u00a0\u00a0\u00a0\u00a0Oskar Kuhnhenn ARCHITEKTEN UND DIE VON IHNEN IM MOLTKEVIERTEL GEBAUTEN GEB\u00c4UDE [&hellip;]<\/p>\n","protected":false},"author":9,"featured_media":0,"parent":0,"menu_order":0,"comment_status":"open","ping_status":"open","template":"","meta":{"footnotes":""},"class_list":["post-15","page","type-page","status-publish","hentry"],"_links":{"self":[{"href":"https:\/\/www.buergerverein-moltkeviertel.de\/wordpress\/wp-json\/wp\/v2\/pages\/15","targetHints":{"allow":["GET"]}}],"collection":[{"href":"https:\/\/www.buergerverein-moltkeviertel.de\/wordpress\/wp-json\/wp\/v2\/pages"}],"about":[{"href":"https:\/\/www.buergerverein-moltkeviertel.de\/wordpress\/wp-json\/wp\/v2\/types\/page"}],"author":[{"embeddable":true,"href":"https:\/\/www.buergerverein-moltkeviertel.de\/wordpress\/wp-json\/wp\/v2\/users\/9"}],"replies":[{"embeddable":true,"href":"https:\/\/www.buergerverein-moltkeviertel.de\/wordpress\/wp-json\/wp\/v2\/comments?post=15"}],"version-history":[{"count":0,"href":"https:\/\/www.buergerverein-moltkeviertel.de\/wordpress\/wp-json\/wp\/v2\/pages\/15\/revisions"}],"wp:attachment":[{"href":"https:\/\/www.buergerverein-moltkeviertel.de\/wordpress\/wp-json\/wp\/v2\/media?parent=15"}],"curies":[{"name":"wp","href":"https:\/\/api.w.org\/{rel}","templated":true}]}}