{"id":19,"date":"2012-12-14T02:44:57","date_gmt":"2012-12-14T00:44:57","guid":{"rendered":"http:\/\/blog.buergerverein-moltkeviertel.de\/wordpress\/?page_id=19"},"modified":"2017-07-22T12:47:46","modified_gmt":"2017-07-22T10:47:46","slug":"grunflachen","status":"publish","type":"page","link":"https:\/\/www.buergerverein-moltkeviertel.de\/wordpress\/grunflachen\/","title":{"rendered":"Gr\u00fcnfl\u00e4chen"},"content":{"rendered":"<p><a href=\"https:\/\/www.buergerverein-moltkeviertel.de\/wordpress\/wp-content\/uploads\/MVLuft0649_W.jpg\"><img loading=\"lazy\" decoding=\"async\" class=\"alignnone wp-image-267\" src=\"https:\/\/www.buergerverein-moltkeviertel.de\/wordpress\/wp-content\/uploads\/MVLuft0649_W-300x196.jpg\" alt=\"\" width=\"428\" height=\"285\" \/><\/a><\/p>\n<p>Das\u00a0<strong>Moltkeviertel\u00a0<\/strong>hat <strong>drei gro\u00dfe \u00f6ffentliche Gr\u00fcnfl\u00e4chen<\/strong>. Alle Gr\u00fcnfl\u00e4chen wurden bei der st\u00e4dteplanerischen Konzipierung des Moltkeviertels durch Robert Schmidt um 1908 detailliert geplant.<\/p>\n<p>Form und Gr\u00f6\u00dfe dieser Gr\u00fcnfl\u00e4chen sind seit ihrer Entstehung nicht nennenswert ver\u00e4ndert worden, sehr wohl allerdings deren Gestaltung.<\/p>\n<p>Insgesamt hat das Moltkeviertel einen hohen Anteil an Baumbest\u00e4nden und Gr\u00fcnfl\u00e4chen und wirkt &#8211; insbesondere aus der Vogelperspektive &#8211; wie eine gr\u00fcne Gartenstadt (s.o.)<\/p>\n<h4>CAMILLO-SITTE-PLATZ<\/h4>\n<p>Der Camillo-Sitte-Platz &#8211;\u00a0 benannt nach dem Wiener \u201eWiederbegr\u00fcnder der Stadtbaukunst&#8220; und sp\u00e4teren Direktor der Salzburger Staatsgewerbeschule &#8211; ist von einem urspr\u00fcnglich beeindruckenden Schmuckplatz mit zentraler Wasserfl\u00e4che und Wasserspiel und einer Vielzahl von farbenpr\u00e4chtigen Blumenrabatten zu einer reinen Rasenfl\u00e4che mit einzelnen B\u00e4umen, umrahmt von Buschwerk, geworden.<\/p>\n<p><a href=\"https:\/\/www.buergerverein-moltkeviertel.de\/wordpress\/wp-content\/uploads\/CamilloSitteplatz.jpg\"><img loading=\"lazy\" decoding=\"async\" class=\"alignnone wp-image-258\" src=\"https:\/\/www.buergerverein-moltkeviertel.de\/wordpress\/wp-content\/uploads\/CamilloSitteplatz-300x198.jpg\" alt=\"\" width=\"234\" height=\"159\" \/><\/a><a href=\"https:\/\/www.buergerverein-moltkeviertel.de\/wordpress\/wp-content\/uploads\/C-Sitte-Platz_2558_A.jpg\"><img loading=\"lazy\" decoding=\"async\" class=\"alignnone wp-image-259\" src=\"https:\/\/www.buergerverein-moltkeviertel.de\/wordpress\/wp-content\/uploads\/C-Sitte-Platz_2558_A-300x225.jpg\" alt=\"\" width=\"203\" height=\"155\" \/><\/a><\/p>\n<h4>\u00a0WIEBEANLAGE<\/h4>\n<p>Im s\u00fcdlichen Teil des Moltkeviertels wurde ab 1925 mit der\u00a0<strong>Wiebeanlage\u00a0<\/strong>eine ungew\u00f6hnliche Art einer Parkanlage geschaffen &#8211; erstmals in Deutschland. Die \u00f6ffentliche Parkanlage liegt dabei im Innenbereich der darum angeordneten H\u00e4userblocks: Die r\u00fcckw\u00e4rtigen G\u00e4rten der einzelnen H\u00e4user grenzen direkt an den Park mit seinen Kinderspielplatz und seinen Gr\u00fcnbereichen. Das Luftbild zeigt die Dreiteilung der Gr\u00fcnfl\u00e4che.<\/p>\n<p><a href=\"https:\/\/www.buergerverein-moltkeviertel.de\/wordpress\/wp-content\/uploads\/WiebeAnlage_644_B.jpg\"><img loading=\"lazy\" decoding=\"async\" class=\"alignnone wp-image-271\" src=\"https:\/\/www.buergerverein-moltkeviertel.de\/wordpress\/wp-content\/uploads\/WiebeAnlage_644_B-291x300.jpg\" alt=\"\" width=\"405\" height=\"417\" srcset=\"https:\/\/www.buergerverein-moltkeviertel.de\/wordpress\/wp-content\/uploads\/WiebeAnlage_644_B-291x300.jpg 291w, https:\/\/www.buergerverein-moltkeviertel.de\/wordpress\/wp-content\/uploads\/WiebeAnlage_644_B.jpg 995w\" sizes=\"auto, (max-width: 405px) 100vw, 405px\" \/><\/a><\/p>\n<h4><strong>MOLTKEPLATZ<\/strong><\/h4>\n<p><a href=\"https:\/\/www.buergerverein-moltkeviertel.de\/wordpress\/wp-content\/uploads\/Baugewerkschule_VillaKoppers_20er_i01452.jpg\"><img loading=\"lazy\" decoding=\"async\" class=\"alignnone wp-image-242\" src=\"https:\/\/www.buergerverein-moltkeviertel.de\/wordpress\/wp-content\/uploads\/Baugewerkschule_VillaKoppers_20er_i01452-300x278.jpg\" alt=\"\" width=\"219\" height=\"204\" srcset=\"https:\/\/www.buergerverein-moltkeviertel.de\/wordpress\/wp-content\/uploads\/Baugewerkschule_VillaKoppers_20er_i01452-300x278.jpg 300w, https:\/\/www.buergerverein-moltkeviertel.de\/wordpress\/wp-content\/uploads\/Baugewerkschule_VillaKoppers_20er_i01452-323x300.jpg 323w, https:\/\/www.buergerverein-moltkeviertel.de\/wordpress\/wp-content\/uploads\/Baugewerkschule_VillaKoppers_20er_i01452.jpg 1024w\" sizes=\"auto, (max-width: 219px) 100vw, 219px\" \/><\/a><a href=\"https:\/\/www.buergerverein-moltkeviertel.de\/wordpress\/wp-content\/uploads\/Moltkeplatz_oben.jpg\"><img loading=\"lazy\" decoding=\"async\" class=\"alignnone wp-image-265\" src=\"https:\/\/www.buergerverein-moltkeviertel.de\/wordpress\/wp-content\/uploads\/Moltkeplatz_oben-300x200.jpg\" alt=\"\" width=\"305\" height=\"207\" \/><\/a><\/p>\n<p><a href=\"https:\/\/www.buergerverein-moltkeviertel.de\/wordpress\/wp-content\/uploads\/Moltkeplatz_unten_A.jpg\"><img loading=\"lazy\" decoding=\"async\" class=\"alignnone size-medium wp-image-266\" src=\"https:\/\/www.buergerverein-moltkeviertel.de\/wordpress\/wp-content\/uploads\/Moltkeplatz_unten_A-300x191.jpg\" alt=\"\" width=\"300\" height=\"191\" srcset=\"https:\/\/www.buergerverein-moltkeviertel.de\/wordpress\/wp-content\/uploads\/Moltkeplatz_unten_A-300x191.jpg 300w, https:\/\/www.buergerverein-moltkeviertel.de\/wordpress\/wp-content\/uploads\/Moltkeplatz_unten_A-469x300.jpg 469w, https:\/\/www.buergerverein-moltkeviertel.de\/wordpress\/wp-content\/uploads\/Moltkeplatz_unten_A.jpg 1024w\" sizes=\"auto, (max-width: 300px) 100vw, 300px\" \/><\/a><\/p>\n<p>Als gr\u00f6\u00dfte Gr\u00fcnfl\u00e4che des Moltkeviertels war der Moltkeplatz urspr\u00fcnglich als Teil einer durchgehenden, offenen Bel\u00fcftungsschneise angelegt; nur an den beiden L\u00e4ngsseiten waren Platanen in Doppelreihe gepflanzt. Die meisten dieser etwa 100 Jahre alten B\u00e4ume sind erhalten und haben mittlerweile m\u00e4chtige Kronen.<\/p>\n<p>Die im n\u00f6rdlichen Bereich des Moltkeplatzes liegende Rasenfl\u00e4che wurde im Laufe der Zeit gering\u00adf\u00fcgig verkleinert, um einen Parkplatz anlegen zu k\u00f6nnen. Vor dem urspr\u00fcnglichen Kegelklubhaus (heute \u201eVilla Moltkeplatz\u201c) entfielen die Blumenrabatten und einige Ruheb\u00e4nke. Dieser Parkplatz wird seitdem &#8211; wie die Tennispl\u00e4tze, der Spielplatz und der heutige Bolzplatz &#8211; in Querrichtung des Moltkeplatzes durch B\u00e4ume und hohe B\u00fcsche\u00a0 optisch getrennt.<br \/>\nNach dem Zweiten Weltkrieg wurden die Rasenfl\u00e4chen des Moltkeplatzes als Kleing\u00e4rten und Fl\u00e4che zur Haltung von Kleinvieh wie z. B. Ziegen genutzt und dienten zur Gewinnung von Lebensmitteln.<\/p>\n<p><a href=\"https:\/\/www.buergerverein-moltkeviertel.de\/wordpress\/wp-content\/uploads\/2013-12-11-18.36.57.jpeg\"><img loading=\"lazy\" decoding=\"async\" class=\"alignleft wp-image-1762\" title=\"B\u00fcrgerverein Moltkeviertel, Moltkeplatz\" src=\"https:\/\/www.buergerverein-moltkeviertel.de\/wordpress\/wp-content\/uploads\/2013-12-11-18.36.57.jpeg\" alt=\"Moltkeplatz, B\u00fcrgerverein Moltkeviertel\" width=\"332\" height=\"229\" srcset=\"https:\/\/www.buergerverein-moltkeviertel.de\/wordpress\/wp-content\/uploads\/2013-12-11-18.36.57.jpeg 720w, https:\/\/www.buergerverein-moltkeviertel.de\/wordpress\/wp-content\/uploads\/2013-12-11-18.36.57-300x206.jpeg 300w, https:\/\/www.buergerverein-moltkeviertel.de\/wordpress\/wp-content\/uploads\/2013-12-11-18.36.57-436x300.jpeg 436w\" sizes=\"auto, (max-width: 332px) 100vw, 332px\" \/><\/a><\/p>\n<p>&nbsp;<\/p>\n<p>&nbsp;<\/p>\n<p>&nbsp;<\/p>\n<p>&nbsp;<\/p>\n<p>&nbsp;<\/p>\n<p>Den <b>s\u00fcdlichen Bereich<\/b> des Moltkeplatzes bildet heute eine \u00a0gro\u00dfe Rasenfl\u00e4che, auf dieser eine Boulebahn gebaut wurde. Im Untergrund befand sich eine alte (aber zumindest grunds\u00e4tzlich intakte) Bunkeranlage, die 2016 zugesch\u00fcttet wurde. Die &#8222;Rakete&#8220; und eine Einstiegsm\u00f6glichkeit in der s\u00fcd\u00f6stlichen Ecke der Rasenfl\u00e4che wurden dabei entfernt.<br \/>\n\u00c4hnliche Anlagenreste auf der anderen Seite der Moltkestra\u00dfe am Abhang zur Messelstra\u00dfe vor dem Robert-Schmidt-Berufskolleg, wurden dem Erdboden gleichgemacht.<\/p>\n<div id=\"attachment_1736\" style=\"width: 330px\" class=\"wp-caption alignleft\"><a href=\"https:\/\/www.buergerverein-moltkeviertel.de\/wordpress\/wp-content\/uploads\/Rakete_Moltkeplatz_3088f0aa.jpg\"><img loading=\"lazy\" decoding=\"async\" aria-describedby=\"caption-attachment-1736\" class=\"wp-image-1736 \" title=\"Moltkeplatz, B\u00fcrgerverein Moltkeviertel\" src=\"https:\/\/www.buergerverein-moltkeviertel.de\/wordpress\/wp-content\/uploads\/Rakete_Moltkeplatz_3088f0aa.jpg\" alt=\"Rakete_Moltkeplatz_3088f0aa, B\u00fcrgerverein Moltkeviertel\" width=\"320\" height=\"240\" srcset=\"https:\/\/www.buergerverein-moltkeviertel.de\/wordpress\/wp-content\/uploads\/Rakete_Moltkeplatz_3088f0aa.jpg 400w, https:\/\/www.buergerverein-moltkeviertel.de\/wordpress\/wp-content\/uploads\/Rakete_Moltkeplatz_3088f0aa-300x225.jpg 300w\" sizes=\"auto, (max-width: 320px) 100vw, 320px\" \/><\/a><p id=\"caption-attachment-1736\" class=\"wp-caption-text\">s\u00fcdlicher Moltkeplatz<\/p><\/div>\n<p>&nbsp;<\/p>\n<p>&nbsp;<\/p>\n<p>&nbsp;<\/p>\n<p>&nbsp;<\/p>\n<p>&nbsp;<\/p>\n<p>&nbsp;<\/p>\n<p>&nbsp;<\/p>\n<p>&nbsp;<\/p>\n<p>Im <b>mittleren Bereich<\/b> des Moltkeplatzes befinden sich die Anlagen des <b>Tennisvereins TC Schellenberg e.V.\u00a0<\/b>\u00a0Nach Norden schlie\u00dfen sich ein <b>Kinderspielplatz<\/b> und ein <b>Bolzplatz <\/b>sowie eine Rasenfl\u00e4che und der Parkplatz vor der &#8222;Villa Moltkeplatz&#8220; an.<\/p>\n<p><a href=\"https:\/\/www.buergerverein-moltkeviertel.de\/wordpress\/wp-content\/uploads\/Tennis_Sammlung_Dimnik_A.jpg\"><img loading=\"lazy\" decoding=\"async\" class=\"alignnone size-medium wp-image-307\" src=\"https:\/\/www.buergerverein-moltkeviertel.de\/wordpress\/wp-content\/uploads\/Tennis_Sammlung_Dimnik_A-300x181.jpg\" alt=\"\" width=\"300\" height=\"181\" srcset=\"https:\/\/www.buergerverein-moltkeviertel.de\/wordpress\/wp-content\/uploads\/Tennis_Sammlung_Dimnik_A-300x181.jpg 300w, https:\/\/www.buergerverein-moltkeviertel.de\/wordpress\/wp-content\/uploads\/Tennis_Sammlung_Dimnik_A.jpg 400w\" sizes=\"auto, (max-width: 300px) 100vw, 300px\" \/><\/a><\/p>\n<p><a href=\"https:\/\/www.buergerverein-moltkeviertel.de\/wordpress\/wp-content\/uploads\/Bolzplatz_Moltkeplatz_3083.jpg\"><img loading=\"lazy\" decoding=\"async\" class=\"alignnone size-medium wp-image-227\" src=\"https:\/\/www.buergerverein-moltkeviertel.de\/wordpress\/wp-content\/uploads\/Bolzplatz_Moltkeplatz_3083-300x225.jpg\" alt=\"\" width=\"300\" height=\"225\" srcset=\"https:\/\/www.buergerverein-moltkeviertel.de\/wordpress\/wp-content\/uploads\/Bolzplatz_Moltkeplatz_3083-300x225.jpg 300w, https:\/\/www.buergerverein-moltkeviertel.de\/wordpress\/wp-content\/uploads\/Bolzplatz_Moltkeplatz_3083-400x300.jpg 400w, https:\/\/www.buergerverein-moltkeviertel.de\/wordpress\/wp-content\/uploads\/Bolzplatz_Moltkeplatz_3083.jpg 1024w\" sizes=\"auto, (max-width: 300px) 100vw, 300px\" \/><\/a><\/p>\n<p>Auf der \u00a0Rasenfl\u00e4che des <b>n\u00f6rdlichen Moltkeplatzes <\/b>\u00a0sind seit 1981 <b>Kunstwerke<\/b> als ein Skulpturenensemble ausgestellt.<\/p>\n<p><a href=\"https:\/\/www.buergerverein-moltkeviertel.de\/wordpress\/wp-content\/uploads\/2013-02-06-08.49.34.jpg\"><img loading=\"lazy\" decoding=\"async\" class=\"alignnone size-medium wp-image-1768\" src=\"https:\/\/www.buergerverein-moltkeviertel.de\/wordpress\/wp-content\/uploads\/2013-02-06-08.49.34-225x300.jpg\" alt=\"\" width=\"225\" height=\"300\" srcset=\"https:\/\/www.buergerverein-moltkeviertel.de\/wordpress\/wp-content\/uploads\/2013-02-06-08.49.34-225x300.jpg 225w, https:\/\/www.buergerverein-moltkeviertel.de\/wordpress\/wp-content\/uploads\/2013-02-06-08.49.34.jpg 768w\" sizes=\"auto, (max-width: 225px) 100vw, 225px\" \/><\/a><\/p>\n","protected":false},"excerpt":{"rendered":"<p>Das\u00a0Moltkeviertel\u00a0hat drei gro\u00dfe \u00f6ffentliche Gr\u00fcnfl\u00e4chen. Alle Gr\u00fcnfl\u00e4chen wurden bei der st\u00e4dteplanerischen Konzipierung des Moltkeviertels durch Robert Schmidt um 1908 detailliert geplant. Form und Gr\u00f6\u00dfe dieser Gr\u00fcnfl\u00e4chen sind seit ihrer Entstehung nicht nennenswert ver\u00e4ndert worden, sehr wohl allerdings deren Gestaltung. Insgesamt hat das Moltkeviertel einen hohen Anteil an Baumbest\u00e4nden und Gr\u00fcnfl\u00e4chen und wirkt &#8211; insbesondere aus [&hellip;]<\/p>\n","protected":false},"author":9,"featured_media":4540,"parent":0,"menu_order":0,"comment_status":"open","ping_status":"closed","template":"","meta":{"footnotes":""},"class_list":["post-19","page","type-page","status-publish","has-post-thumbnail","hentry"],"_links":{"self":[{"href":"https:\/\/www.buergerverein-moltkeviertel.de\/wordpress\/wp-json\/wp\/v2\/pages\/19","targetHints":{"allow":["GET"]}}],"collection":[{"href":"https:\/\/www.buergerverein-moltkeviertel.de\/wordpress\/wp-json\/wp\/v2\/pages"}],"about":[{"href":"https:\/\/www.buergerverein-moltkeviertel.de\/wordpress\/wp-json\/wp\/v2\/types\/page"}],"author":[{"embeddable":true,"href":"https:\/\/www.buergerverein-moltkeviertel.de\/wordpress\/wp-json\/wp\/v2\/users\/9"}],"replies":[{"embeddable":true,"href":"https:\/\/www.buergerverein-moltkeviertel.de\/wordpress\/wp-json\/wp\/v2\/comments?post=19"}],"version-history":[{"count":0,"href":"https:\/\/www.buergerverein-moltkeviertel.de\/wordpress\/wp-json\/wp\/v2\/pages\/19\/revisions"}],"wp:featuredmedia":[{"embeddable":true,"href":"https:\/\/www.buergerverein-moltkeviertel.de\/wordpress\/wp-json\/wp\/v2\/media\/4540"}],"wp:attachment":[{"href":"https:\/\/www.buergerverein-moltkeviertel.de\/wordpress\/wp-json\/wp\/v2\/media?parent=19"}],"curies":[{"name":"wp","href":"https:\/\/api.w.org\/{rel}","templated":true}]}}