{"id":27,"date":"2012-12-14T02:45:53","date_gmt":"2012-12-14T00:45:53","guid":{"rendered":"http:\/\/blog.buergerverein-moltkeviertel.de\/wordpress\/?page_id=27"},"modified":"2017-07-22T12:49:45","modified_gmt":"2017-07-22T10:49:45","slug":"kunst","status":"publish","type":"page","link":"https:\/\/www.buergerverein-moltkeviertel.de\/wordpress\/kunst\/","title":{"rendered":"Kunst"},"content":{"rendered":"<h4>KUNST IM \u00d6FFENTLICHEN RAUM IM MOLTKEVIERTEL<\/h4>\n<p>In starkem optischem Kontrast zu der gegen\u00fcberliegenden alten H\u00e4userzeile am\u00a0<strong>n\u00f6rdlichen Moltkeplatz\u00a0<\/strong>hat der Essener Galerist\u00a0<em>Jochen Kr\u00fcper<\/em>\u00a0(\u2020 2002) seit 1981 auf der Wiese des Moltkeplatzes zusammen mit Dr. Uwe R\u00fcth ein Skulpturenensemble zeitgen\u00f6ssischer Kunst zusammengestellt.<\/p>\n<div id=\"attachment_302\" style=\"width: 649px\" class=\"wp-caption aligncenter\"><a href=\"http:\/\/blog.buergerverein-moltkeviertel.de\/wordpress\/wp-content\/uploads\/Graesel_Friedmann_0742_S.jpg\"><img loading=\"lazy\" decoding=\"async\" aria-describedby=\"caption-attachment-302\" class=\" wp-image-302 size-full\" title=\"Graesel_Friedmann_0742_S\" src=\"https:\/\/www.buergerverein-moltkeviertel.de\/wordpress\/wp-content\/uploads\/Graesel_Friedmann_0742_S.jpg\" alt=\"\" width=\"639\" height=\"479\" srcset=\"https:\/\/www.buergerverein-moltkeviertel.de\/wordpress\/wp-content\/uploads\/Graesel_Friedmann_0742_S.jpg 639w, https:\/\/www.buergerverein-moltkeviertel.de\/wordpress\/wp-content\/uploads\/Graesel_Friedmann_0742_S-300x224.jpg 300w, https:\/\/www.buergerverein-moltkeviertel.de\/wordpress\/wp-content\/uploads\/Graesel_Friedmann_0742_S-400x300.jpg 400w\" sizes=\"auto, (max-width: 639px) 100vw, 639px\" \/><\/a><p id=\"caption-attachment-302\" class=\"wp-caption-text\">Friedrich Gr\u00e4sel Hannover Tor 1978\/1981<br \/> Gloria Friedmann Denkmal 1990<\/p><\/div>\n<p>Auch an anderen Orten im Moltkeviertel findet sich Kunst im Au\u00dfenraum. Aus der Entstehungszeit des Moltkeviertels stammen die vier Putten auf den vier Br\u00fcckenpfeilern der Moltkebr\u00fccke und die zwei allegorischen Giganten beim Haupteingang des Robert-Schmidt-Berufskollegs &#8211; der fr\u00fcheren K\u00f6niglichen Baugewerkschule. Putten und Giganten wurden von\u00a0Joseph Enseling\u00a0geschaffen.<\/p>\n<p>&nbsp;<\/p>\n<div id=\"attachment_304\" style=\"width: 219px\" class=\"wp-caption alignright\"><a href=\"http:\/\/blog.buergerverein-moltkeviertel.de\/wordpress\/wp-content\/uploads\/Moltkebruecke_1424.jpg\"><img loading=\"lazy\" decoding=\"async\" aria-describedby=\"caption-attachment-304\" class=\"wp-image-304 size-medium\" title=\"Moltkebruecke_1424\" src=\"https:\/\/www.buergerverein-moltkeviertel.de\/wordpress\/wp-content\/uploads\/Moltkebruecke_1424-209x300.jpg\" alt=\"\" width=\"209\" height=\"300\" srcset=\"https:\/\/www.buergerverein-moltkeviertel.de\/wordpress\/wp-content\/uploads\/Moltkebruecke_1424-209x300.jpg 209w, https:\/\/www.buergerverein-moltkeviertel.de\/wordpress\/wp-content\/uploads\/Moltkebruecke_1424.jpg 715w\" sizes=\"auto, (max-width: 209px) 100vw, 209px\" \/><\/a><p id=\"caption-attachment-304\" class=\"wp-caption-text\">Joseph Enseling: Putten, etwa 1910, auf allen vier Br\u00fcckenpfeilern der Moltkebr\u00fccke<\/p><\/div>\n<div id=\"attachment_299\" style=\"width: 243px\" class=\"wp-caption alignnone\"><a href=\"http:\/\/blog.buergerverein-moltkeviertel.de\/wordpress\/wp-content\/uploads\/Baugewerkschule_Gigant_1434_B.jpg\"><img loading=\"lazy\" decoding=\"async\" aria-describedby=\"caption-attachment-299\" class=\" wp-image-299 size-medium\" title=\"Baugewerkschule_Gigant_1434_B\" src=\"https:\/\/www.buergerverein-moltkeviertel.de\/wordpress\/wp-content\/uploads\/Baugewerkschule_Gigant_1434_B-233x300.jpg\" alt=\"\" width=\"233\" height=\"300\" srcset=\"https:\/\/www.buergerverein-moltkeviertel.de\/wordpress\/wp-content\/uploads\/Baugewerkschule_Gigant_1434_B-233x300.jpg 233w, https:\/\/www.buergerverein-moltkeviertel.de\/wordpress\/wp-content\/uploads\/Baugewerkschule_Gigant_1434_B.jpg 797w\" sizes=\"auto, (max-width: 233px) 100vw, 233px\" \/><\/a><p id=\"caption-attachment-299\" class=\"wp-caption-text\">Joseph Enseling: Gigant, eine von zwei Figuren beim Haupteingang des Robert-Schmidt-Berufskollegs<\/p><\/div>\n<p>Als weiteres Beispiel zeitgen\u00f6ssischer Kunst findet sich an der Ecke Moltkestra\u00dfe \/ Schinkelstra\u00dfe ein Kopf von Horst Antes aus (gerostetem) Stahl mit einer Intarsie aus Edelstahl.<\/p>\n<div id=\"attachment_298\" style=\"width: 1034px\" class=\"wp-caption alignnone\"><a href=\"http:\/\/blog.buergerverein-moltkeviertel.de\/wordpress\/wp-content\/uploads\/Antes_0620_1.jpg\"><img loading=\"lazy\" decoding=\"async\" aria-describedby=\"caption-attachment-298\" class=\" wp-image-298 size-full\" title=\"Antes_0620_1\" src=\"https:\/\/www.buergerverein-moltkeviertel.de\/wordpress\/wp-content\/uploads\/Antes_0620_1.jpg\" alt=\"\" width=\"1024\" height=\"768\" srcset=\"https:\/\/www.buergerverein-moltkeviertel.de\/wordpress\/wp-content\/uploads\/Antes_0620_1.jpg 1024w, https:\/\/www.buergerverein-moltkeviertel.de\/wordpress\/wp-content\/uploads\/Antes_0620_1-300x225.jpg 300w, https:\/\/www.buergerverein-moltkeviertel.de\/wordpress\/wp-content\/uploads\/Antes_0620_1-400x300.jpg 400w\" sizes=\"auto, (max-width: 1024px) 100vw, 1024px\" \/><\/a><p id=\"caption-attachment-298\" class=\"wp-caption-text\">Horst Antes Kopf 1973<\/p><\/div>\n","protected":false},"excerpt":{"rendered":"<p>KUNST IM \u00d6FFENTLICHEN RAUM IM MOLTKEVIERTEL In starkem optischem Kontrast zu der gegen\u00fcberliegenden alten H\u00e4userzeile am\u00a0n\u00f6rdlichen Moltkeplatz\u00a0hat der Essener Galerist\u00a0Jochen Kr\u00fcper\u00a0(\u2020 2002) seit 1981 auf der Wiese des Moltkeplatzes zusammen mit Dr. Uwe R\u00fcth ein Skulpturenensemble zeitgen\u00f6ssischer Kunst zusammengestellt. Auch an anderen Orten im Moltkeviertel findet sich Kunst im Au\u00dfenraum. Aus der Entstehungszeit des Moltkeviertels [&hellip;]<\/p>\n","protected":false},"author":9,"featured_media":0,"parent":0,"menu_order":0,"comment_status":"open","ping_status":"closed","template":"","meta":{"footnotes":""},"class_list":["post-27","page","type-page","status-publish","hentry"],"_links":{"self":[{"href":"https:\/\/www.buergerverein-moltkeviertel.de\/wordpress\/wp-json\/wp\/v2\/pages\/27","targetHints":{"allow":["GET"]}}],"collection":[{"href":"https:\/\/www.buergerverein-moltkeviertel.de\/wordpress\/wp-json\/wp\/v2\/pages"}],"about":[{"href":"https:\/\/www.buergerverein-moltkeviertel.de\/wordpress\/wp-json\/wp\/v2\/types\/page"}],"author":[{"embeddable":true,"href":"https:\/\/www.buergerverein-moltkeviertel.de\/wordpress\/wp-json\/wp\/v2\/users\/9"}],"replies":[{"embeddable":true,"href":"https:\/\/www.buergerverein-moltkeviertel.de\/wordpress\/wp-json\/wp\/v2\/comments?post=27"}],"version-history":[{"count":0,"href":"https:\/\/www.buergerverein-moltkeviertel.de\/wordpress\/wp-json\/wp\/v2\/pages\/27\/revisions"}],"wp:attachment":[{"href":"https:\/\/www.buergerverein-moltkeviertel.de\/wordpress\/wp-json\/wp\/v2\/media?parent=27"}],"curies":[{"name":"wp","href":"https:\/\/api.w.org\/{rel}","templated":true}]}}