{"id":42,"date":"2012-12-14T02:49:45","date_gmt":"2012-12-14T00:49:45","guid":{"rendered":"http:\/\/blog.buergerverein-moltkeviertel.de\/wordpress\/?page_id=42"},"modified":"2025-04-29T16:51:18","modified_gmt":"2025-04-29T14:51:18","slug":"impressum","status":"publish","type":"page","link":"https:\/\/www.buergerverein-moltkeviertel.de\/wordpress\/impressum\/","title":{"rendered":"Impressum"},"content":{"rendered":"<p><strong>Impressum<\/strong><\/p>\n<p><strong>Angaben gem\u00e4\u00df \u00a7 5 TMG (Telemediengesetz)<br \/>\n<\/strong><\/p>\n<p>B\u00fcrgerverein Moltkeviertel e.V. BM<br \/>\nc.\/o. Werner Schulte<br \/>\nMesselstra\u00dfe 1<br \/>\n45138 Essen<\/p>\n<p><strong>Vertreten durch den Vorstand:<br \/>\n<\/strong><\/p>\n<p>Andrea Br\u00fcning (Vorsitzende), Hildegard Sa\u00df (Stellv. Vorsitzende) und Werner Schulte (Kassenwart)<\/p>\n<p><strong>Kontakt<\/strong><\/p>\n<p>Telefon: 0201 251437<br \/>\nE-Mail: info@buergerverein-moltkeviertel.de<\/p>\n<p><strong>Registereintrag<\/strong><\/p>\n<p>Eintragung im Vereinsregister.<br \/>\nRegistergericht: Amtsgericht Essen<br \/>\nRegisternummer: VR 5196<\/p>\n<p><strong>Verantwortlich f\u00fcr den Inhalt nach \u00a7 55 Abs. 2 RStV (Rundfunksstaatsvertrag)<br \/>\n<\/strong><\/p>\n<p>Werner Schulte<br \/>\nMesselstra\u00dfe 1<br \/>\n45138 Essen<\/p>\n<p><strong>Bilder:<\/strong><\/p>\n<p>Moderne Farbbilder ohne anderslautende Quellenangabe stammen von Mitgliedern des B\u00fcrgervereins. Alte Bilder \u2013 insbesondere Schwarzwei\u00df-Bilder \u2013 ohne anderslautende Quellenangabe: \u00a9 Stadt Essen. F\u00fcr die Nutzung mancher der Bilder gelten besondere Bedingungen, auf die beim Anklicken hingewiesen wird. Wenden Sie sich in allen Fragen im Zusammenhang mit Bildern bitte an den B\u00fcrgerverein Moltkeviertel unter info@buergerverein-moltkeviertel.de. Auf die unten wiedergegebenen Urheber- und Leistungsschutzrechte wird hingewiesen.<\/p>\n<p><strong>Streitschlichtung<\/strong><\/p>\n<p>Wir sind nicht bereit oder verpflichtet, an Streitbeilegungsverfahren vor einer Verbraucherschlichtungsstelle teilzunehmen.<\/p>\n<p><strong>Haftung f\u00fcr Inhalte<\/strong><\/p>\n<p>Als Diensteanbieter sind wir gem\u00e4\u00df \u00a7 7 Abs.1 TMG f\u00fcr eigene Inhalte auf diesen Seiten nach den allgemeinen Gesetzen verantwortlich. Nach \u00a7\u00a7 8 bis 10 TMG sind wir als Diensteanbieter jedoch nicht verpflichtet, \u00fcbermittelte oder gespeicherte fremde Informationen zu \u00fcberwachen oder nach Umst\u00e4nden zu forschen, die auf eine rechtswidrige T\u00e4tigkeit hinweisen.<\/p>\n<p>Verpflichtungen zur Entfernung oder Sperrung der Nutzung von Informationen nach den allgemeinen Gesetzen bleiben hiervon unber\u00fchrt. Eine diesbez\u00fcgliche Haftung ist jedoch erst ab dem Zeitpunkt der Kenntnis einer konkreten Rechtsverletzung m\u00f6glich. Bei Bekanntwerden von entsprechenden Rechtsverletzungen werden wir diese Inhalte umgehend entfernen.<\/p>\n<p><strong>Haftung f\u00fcr Links<\/strong><\/p>\n<p>Unser Angebot enth\u00e4lt Links zu externen Websites Dritter, auf deren Inhalte wir keinen Einfluss haben. Deshalb k\u00f6nnen wir f\u00fcr diese fremden Inhalte auch keine Gew\u00e4hr \u00fcbernehmen. F\u00fcr die Inhalte der verlinkten Seiten ist stets der jeweilige Anbieter oder Betreiber der Seiten verantwortlich. Die verlinkten Seiten wurden zum Zeitpunkt der Verlinkung auf m\u00f6gliche Rechtsverst\u00f6\u00dfe \u00fcberpr\u00fcft. Rechtswidrige Inhalte waren zum Zeitpunkt der Verlinkung nicht erkennbar.<\/p>\n<p>Eine permanente inhaltliche Kontrolle der verlinkten Seiten ist jedoch ohne konkrete Anhaltspunkte einer Rechtsverletzung nicht zumutbar. Bei Bekanntwerden von Rechtsverletzungen werden wir derartige Links umgehend entfernen.<\/p>\n<p><strong>Kein Vertragsverh\u00e4ltnis<\/strong><\/p>\n<p>Mit der Nutzung der Website des Anbieters kommt keinerlei Vertragsverh\u00e4ltnis zwischen dem Nutzer und dem Anbieter zustande. Insofern ergeben sich auch keinerlei vertragliche oder quasivertragliche Anspr\u00fcche gegen den Anbieter.<\/p>\n<p><strong>Urheberrecht<\/strong><\/p>\n<p>Die durch die Seitenbetreiber erstellten Inhalte und Werke auf diesen Seiten unterliegen dem deutschen Urheberrecht. Die Vervielf\u00e4ltigung, Bearbeitung, Verbreitung und jede Art der Verwertung au\u00dferhalb der Grenzen des Urheberrechtes bed\u00fcrfen der schriftlichen Zustimmung des jeweiligen Autors bzw. Erstellers. Downloads und Kopien dieser Seite sind nur f\u00fcr den privaten, nicht kommerziellen Gebrauch gestattet.<\/p>\n<p>Soweit die Inhalte auf dieser Seite nicht vom Betreiber erstellt wurden, werden die Urheberrechte Dritter beachtet. Insbesondere werden Inhalte Dritter als solche gekennzeichnet. Sollten Sie trotzdem auf eine Urheberrechtsverletzung aufmerksam werden, bitten wir um einen entsprechenden Hinweis. Bei Bekanntwerden von Rechtsverletzungen werden wir derartige Inhalte umgehend entfernen.<\/p>\n<p>Links zur Website des Anbieters sind jederzeit willkommen und bed\u00fcrfen keiner Zustimmung durch den Anbieter der Website. Die Darstellung dieser Website in fremden Frames ist nur mit Erlaubnis zul\u00e4ssig.<\/p>\n<p><strong>Anwendbares Recht<\/strong><\/p>\n<p>Es gilt ausschlie\u00dflich das ma\u00dfgebliche Recht der Bundesrepublik Deutschland.<\/p>\n","protected":false},"excerpt":{"rendered":"<p>Impressum Angaben gem\u00e4\u00df \u00a7 5 TMG (Telemediengesetz) B\u00fcrgerverein Moltkeviertel e.V. BM c.\/o. Werner Schulte Messelstra\u00dfe 1 45138 Essen Vertreten durch den Vorstand: Andrea Br\u00fcning (Vorsitzende), Hildegard Sa\u00df (Stellv. Vorsitzende) und Werner Schulte (Kassenwart) Kontakt Telefon: 0201 251437 E-Mail: info@buergerverein-moltkeviertel.de Registereintrag Eintragung im Vereinsregister. Registergericht: Amtsgericht Essen Registernummer: VR 5196 Verantwortlich f\u00fcr den Inhalt nach \u00a7 [&hellip;]<\/p>\n","protected":false},"author":9,"featured_media":0,"parent":0,"menu_order":0,"comment_status":"closed","ping_status":"closed","template":"","meta":{"footnotes":""},"class_list":["post-42","page","type-page","status-publish","hentry"],"_links":{"self":[{"href":"https:\/\/www.buergerverein-moltkeviertel.de\/wordpress\/wp-json\/wp\/v2\/pages\/42","targetHints":{"allow":["GET"]}}],"collection":[{"href":"https:\/\/www.buergerverein-moltkeviertel.de\/wordpress\/wp-json\/wp\/v2\/pages"}],"about":[{"href":"https:\/\/www.buergerverein-moltkeviertel.de\/wordpress\/wp-json\/wp\/v2\/types\/page"}],"author":[{"embeddable":true,"href":"https:\/\/www.buergerverein-moltkeviertel.de\/wordpress\/wp-json\/wp\/v2\/users\/9"}],"replies":[{"embeddable":true,"href":"https:\/\/www.buergerverein-moltkeviertel.de\/wordpress\/wp-json\/wp\/v2\/comments?post=42"}],"version-history":[{"count":8,"href":"https:\/\/www.buergerverein-moltkeviertel.de\/wordpress\/wp-json\/wp\/v2\/pages\/42\/revisions"}],"predecessor-version":[{"id":5893,"href":"https:\/\/www.buergerverein-moltkeviertel.de\/wordpress\/wp-json\/wp\/v2\/pages\/42\/revisions\/5893"}],"wp:attachment":[{"href":"https:\/\/www.buergerverein-moltkeviertel.de\/wordpress\/wp-json\/wp\/v2\/media?parent=42"}],"curies":[{"name":"wp","href":"https:\/\/api.w.org\/{rel}","templated":true}]}}