{"id":4338,"date":"2017-07-19T16:24:37","date_gmt":"2017-07-19T14:24:37","guid":{"rendered":"https:\/\/www.buergerverein-moltkeviertel.de\/wordpress\/?page_id=4338"},"modified":"2017-08-16T10:35:54","modified_gmt":"2017-08-16T08:35:54","slug":"willkommen","status":"publish","type":"page","link":"https:\/\/www.buergerverein-moltkeviertel.de\/wordpress\/","title":{"rendered":"WILLKOMMEN"},"content":{"rendered":"<p>beim B\u00fcrgerverein Moltkeviertel e.V.<\/p>\n<p>Unser Viertel ist etwas ganz Besonderes. Mitten in Essen bietet es seit mehr als 100 Jahren eine gelungene st\u00e4dtebauliche Kombination aus Wohnen, Arbeiten und Erholung.<\/p>\n<p>Unser Umfeld lebens- und liebenswert zu erhalten, haben wir uns zur Aufgabe gemacht. Interessierte Anwohnerinnen und Anwohner realisieren mit uns kleine und gr\u00f6\u00dfere Ideen f\u00fcr die Nachbarschaft und das Viertel. Schauen Sie sich die Ergebnisse auf unserer Seite an und lassen sich von unseren Projekten anregen.<\/p>\n<p>Vielleicht haben auch Sie eine Idee f\u00fcr unser Viertel. Dann sprechen Sie uns an. Und vielleicht bekommen Sie ja auch Lust, bei uns mitzumachen.<\/p>\n<p>Wir freuen uns auf Sie.<\/p>\n","protected":false},"excerpt":{"rendered":"<p>beim B\u00fcrgerverein Moltkeviertel e.V. Unser Viertel ist etwas ganz Besonderes. Mitten in Essen bietet es seit mehr als 100 Jahren eine gelungene st\u00e4dtebauliche Kombination aus Wohnen, Arbeiten und Erholung. Unser Umfeld lebens- und liebenswert zu erhalten, haben wir uns zur Aufgabe gemacht. Interessierte Anwohnerinnen und Anwohner realisieren mit uns kleine und gr\u00f6\u00dfere Ideen f\u00fcr die [&hellip;]<\/p>\n","protected":false},"author":9,"featured_media":4542,"parent":0,"menu_order":0,"comment_status":"closed","ping_status":"closed","template":"","meta":{"footnotes":""},"class_list":["post-4338","page","type-page","status-publish","has-post-thumbnail","hentry"],"_links":{"self":[{"href":"https:\/\/www.buergerverein-moltkeviertel.de\/wordpress\/wp-json\/wp\/v2\/pages\/4338","targetHints":{"allow":["GET"]}}],"collection":[{"href":"https:\/\/www.buergerverein-moltkeviertel.de\/wordpress\/wp-json\/wp\/v2\/pages"}],"about":[{"href":"https:\/\/www.buergerverein-moltkeviertel.de\/wordpress\/wp-json\/wp\/v2\/types\/page"}],"author":[{"embeddable":true,"href":"https:\/\/www.buergerverein-moltkeviertel.de\/wordpress\/wp-json\/wp\/v2\/users\/9"}],"replies":[{"embeddable":true,"href":"https:\/\/www.buergerverein-moltkeviertel.de\/wordpress\/wp-json\/wp\/v2\/comments?post=4338"}],"version-history":[{"count":0,"href":"https:\/\/www.buergerverein-moltkeviertel.de\/wordpress\/wp-json\/wp\/v2\/pages\/4338\/revisions"}],"wp:featuredmedia":[{"embeddable":true,"href":"https:\/\/www.buergerverein-moltkeviertel.de\/wordpress\/wp-json\/wp\/v2\/media\/4542"}],"wp:attachment":[{"href":"https:\/\/www.buergerverein-moltkeviertel.de\/wordpress\/wp-json\/wp\/v2\/media?parent=4338"}],"curies":[{"name":"wp","href":"https:\/\/api.w.org\/{rel}","templated":true}]}}