{"id":4556,"date":"2017-07-22T11:59:59","date_gmt":"2017-07-22T09:59:59","guid":{"rendered":"https:\/\/www.buergerverein-moltkeviertel.de\/wordpress\/?page_id=4556"},"modified":"2017-08-24T11:05:20","modified_gmt":"2017-08-24T09:05:20","slug":"projekt-turmuhr","status":"publish","type":"page","link":"https:\/\/www.buergerverein-moltkeviertel.de\/wordpress\/projekt-turmuhr\/","title":{"rendered":"Wie wir die Turmuhr zum Laufen brachten"},"content":{"rendered":"<p>&#8222;Sehr geehrte Ingenieure!<br \/>\nRechnen Sie es sich zur Ehre,<br \/>\nda\u00df die Uhr auf ihrem Torm<br \/>\nselten zeigt die rechte Norm?<br \/>\n&#8230;.&#8220; <a href=\"https:\/\/www.buergerverein-moltkeviertel.de\/wordpress\/wp-content\/uploads\/2017\/08\/Turmuhr-Zitate.pdf\">(Originalbriefe)<\/a><\/p>\n<p>Mit diesen Versen beschwerte sich bereits am 27. Februar 1973 eine engagierte Mitb\u00fcrgerin beim Dekan Abteilung Bauwesen der Uni Essen. Derart herausgefordert, verdr\u00e4ngten die sehr geehrten Ingenieure alles was ihr Beruf an Sachlichkeit verlangt und antworteten in wohlgesetzten Reimen, dass auch sie den Zustand bedauerten, leider aber daran wegen mangelnder Zust\u00e4ndigkeiten nichts \u00e4ndern k\u00f6nnten.<\/p>\n<p>Vierzig Jahre sp\u00e4ter, inzwischen war das Berufskolleg in die ehemalige Baugewerkschule eingezogen, griffen Besucher anl\u00e4sslich der Vernissage unserer Ausstellung \u201eMit der Kamera durchs Moltkeviertel\u201c das Thema der h\u00f6chst selten funktionierenden Turmuhr auf. Diesmal war es der Leiter des Kollegs der bedauerte, auch ihm seien die H\u00e4nde gebunden \u2013 und so versprachen wir alle vier Uhren des Turms wieder in Gang zu setzen.<\/p>\n<p>Statt eine mehrfach gescheiterte Reparatur der alten Anlage mit nur einem Uhrwerk f\u00fcr vier Zeigerpaare durchzuf\u00fchren, entschloss sich der BM alle vier Uhren mit einem separaten Uhrwerk auszustatten. Dar\u00fcber konnte Einvernehmen mit dem Denkmalschutz und der Immobilienwirtschaft hergestellt werden. Dass der BM e.V. die Spendengelder als Treuh\u00e4nder der zahlreichen und engagierten Spender keineswegs dem Stadts\u00e4ckel \u00fcbereignen wollte, f\u00fchrte zu einem unerwarteten Konflikt. Mit den Berichten in der Presse wuchs der Druck sich zu einigen: die Stadt \u00fcbernahm die Federf\u00fchrung, wie es ihre Aufgabe war, der BM e.V. zahlte der beauftragten Firma das Spendengeld f\u00fcr die Uhren.<\/p>\n","protected":false},"excerpt":{"rendered":"<p>&#8222;Sehr geehrte Ingenieure! Rechnen Sie es sich zur Ehre, da\u00df die Uhr auf ihrem Torm selten zeigt die rechte Norm? &#8230;.&#8220; (Originalbriefe) Mit diesen Versen beschwerte sich bereits am 27. Februar 1973 eine engagierte Mitb\u00fcrgerin beim Dekan Abteilung Bauwesen der Uni Essen. Derart herausgefordert, verdr\u00e4ngten die sehr geehrten Ingenieure alles was ihr Beruf an Sachlichkeit [&hellip;]<\/p>\n","protected":false},"author":9,"featured_media":0,"parent":0,"menu_order":0,"comment_status":"closed","ping_status":"closed","template":"","meta":{"footnotes":""},"class_list":["post-4556","page","type-page","status-publish","hentry"],"_links":{"self":[{"href":"https:\/\/www.buergerverein-moltkeviertel.de\/wordpress\/wp-json\/wp\/v2\/pages\/4556","targetHints":{"allow":["GET"]}}],"collection":[{"href":"https:\/\/www.buergerverein-moltkeviertel.de\/wordpress\/wp-json\/wp\/v2\/pages"}],"about":[{"href":"https:\/\/www.buergerverein-moltkeviertel.de\/wordpress\/wp-json\/wp\/v2\/types\/page"}],"author":[{"embeddable":true,"href":"https:\/\/www.buergerverein-moltkeviertel.de\/wordpress\/wp-json\/wp\/v2\/users\/9"}],"replies":[{"embeddable":true,"href":"https:\/\/www.buergerverein-moltkeviertel.de\/wordpress\/wp-json\/wp\/v2\/comments?post=4556"}],"version-history":[{"count":0,"href":"https:\/\/www.buergerverein-moltkeviertel.de\/wordpress\/wp-json\/wp\/v2\/pages\/4556\/revisions"}],"wp:attachment":[{"href":"https:\/\/www.buergerverein-moltkeviertel.de\/wordpress\/wp-json\/wp\/v2\/media?parent=4556"}],"curies":[{"name":"wp","href":"https:\/\/api.w.org\/{rel}","templated":true}]}}