{"id":5496,"date":"2021-05-15T13:44:00","date_gmt":"2021-05-15T11:44:00","guid":{"rendered":"https:\/\/www.buergerverein-moltkeviertel.de\/wordpress\/?page_id=5496"},"modified":"2021-05-17T13:49:20","modified_gmt":"2021-05-17T11:49:20","slug":"weissbachwiese","status":"publish","type":"page","link":"https:\/\/www.buergerverein-moltkeviertel.de\/wordpress\/weissbachwiese\/","title":{"rendered":"Wei\u00dfbachwiese"},"content":{"rendered":"\n<h2 class=\"wp-block-heading\">Blumen gepflanzt<\/h2>\n\n\n\n<p>Auch w\u00e4hrend der Pandemie ist der B\u00fcrgerverein Moltkeviertel aktiv. Im November hatten einige Mitglieder die Gr\u00fcnanlage zwischen Wei\u00dfbachstra\u00dfe und Robert-Schmidt-Stra\u00dfe versch\u00f6nert: Es wurden Dutzende Blumenzwiebeln, Clematis, Hortensien und Japanische Kerrie gepflanzt. Die Stadt Essen hatte zuvor durch einen Gartenbaubetrieb die alten Str\u00e4ucher stark zur\u00fcckschneiden oder roden lassen und kleine Str\u00e4ucher nachgepflanzt. Die Beete sahen wieder gepflegt aus, aber etwas kahl. Die Pflanzaktion des B\u00fcrgervereins Moltkeviertel hat sich gelohnt: Diesen Fr\u00fchling konnten sich Spazierg\u00e4nger und Anwohner \u00fcber die bunten Farbtupfer im Beet freuen: Krokusse, Narzissen, Traubenhyazinthen und verschiedenste Tulpensorten sehen h\u00fcbsch aus und sind eine Nahrungsquelle f\u00fcr Insekten.<\/p>\n\n\n\n<figure class=\"wp-block-gallery columns-3 is-cropped wp-block-gallery-1 is-layout-flex wp-block-gallery-is-layout-flex\"><ul class=\"blocks-gallery-grid\"><li class=\"blocks-gallery-item\"><figure><img loading=\"lazy\" decoding=\"async\" width=\"576\" height=\"1024\" src=\"https:\/\/www.buergerverein-moltkeviertel.de\/wordpress\/wp-content\/uploads\/2021\/05\/Weissbachbeet-2-576x1024.jpg\" alt=\"\" data-id=\"5495\" data-full-url=\"https:\/\/www.buergerverein-moltkeviertel.de\/wordpress\/wp-content\/uploads\/2021\/05\/Weissbachbeet-2.jpg\" data-link=\"https:\/\/www.buergerverein-moltkeviertel.de\/wordpress\/weissbachbeet-2\/\" class=\"wp-image-5495\" srcset=\"https:\/\/www.buergerverein-moltkeviertel.de\/wordpress\/wp-content\/uploads\/2021\/05\/Weissbachbeet-2-576x1024.jpg 576w, https:\/\/www.buergerverein-moltkeviertel.de\/wordpress\/wp-content\/uploads\/2021\/05\/Weissbachbeet-2-169x300.jpg 169w, https:\/\/www.buergerverein-moltkeviertel.de\/wordpress\/wp-content\/uploads\/2021\/05\/Weissbachbeet-2-768x1365.jpg 768w, https:\/\/www.buergerverein-moltkeviertel.de\/wordpress\/wp-content\/uploads\/2021\/05\/Weissbachbeet-2-864x1536.jpg 864w, https:\/\/www.buergerverein-moltkeviertel.de\/wordpress\/wp-content\/uploads\/2021\/05\/Weissbachbeet-2-618x1099.jpg 618w, https:\/\/www.buergerverein-moltkeviertel.de\/wordpress\/wp-content\/uploads\/2021\/05\/Weissbachbeet-2-250x444.jpg 250w, https:\/\/www.buergerverein-moltkeviertel.de\/wordpress\/wp-content\/uploads\/2021\/05\/Weissbachbeet-2.jpg 918w\" sizes=\"auto, (max-width: 576px) 100vw, 576px\" \/><\/figure><\/li><li class=\"blocks-gallery-item\"><figure><img loading=\"lazy\" decoding=\"async\" width=\"1024\" height=\"576\" src=\"https:\/\/www.buergerverein-moltkeviertel.de\/wordpress\/wp-content\/uploads\/2021\/05\/gelbe-Tulpen-1024x576.jpg\" alt=\"\" data-id=\"5494\" data-full-url=\"https:\/\/www.buergerverein-moltkeviertel.de\/wordpress\/wp-content\/uploads\/2021\/05\/gelbe-Tulpen.jpg\" data-link=\"https:\/\/www.buergerverein-moltkeviertel.de\/wordpress\/gelbe-tulpen\/\" class=\"wp-image-5494\" srcset=\"https:\/\/www.buergerverein-moltkeviertel.de\/wordpress\/wp-content\/uploads\/2021\/05\/gelbe-Tulpen-1024x576.jpg 1024w, https:\/\/www.buergerverein-moltkeviertel.de\/wordpress\/wp-content\/uploads\/2021\/05\/gelbe-Tulpen-300x169.jpg 300w, https:\/\/www.buergerverein-moltkeviertel.de\/wordpress\/wp-content\/uploads\/2021\/05\/gelbe-Tulpen-768x432.jpg 768w, https:\/\/www.buergerverein-moltkeviertel.de\/wordpress\/wp-content\/uploads\/2021\/05\/gelbe-Tulpen-618x348.jpg 618w, https:\/\/www.buergerverein-moltkeviertel.de\/wordpress\/wp-content\/uploads\/2021\/05\/gelbe-Tulpen-444x250.jpg 444w, https:\/\/www.buergerverein-moltkeviertel.de\/wordpress\/wp-content\/uploads\/2021\/05\/gelbe-Tulpen.jpg 1386w\" sizes=\"auto, (max-width: 1024px) 100vw, 1024px\" \/><\/figure><\/li><li class=\"blocks-gallery-item\"><figure><img loading=\"lazy\" decoding=\"async\" width=\"1024\" height=\"576\" src=\"https:\/\/www.buergerverein-moltkeviertel.de\/wordpress\/wp-content\/uploads\/2021\/05\/Weissbachbeet-1-1024x576.jpg\" alt=\"\" data-id=\"5492\" data-full-url=\"https:\/\/www.buergerverein-moltkeviertel.de\/wordpress\/wp-content\/uploads\/2021\/05\/Weissbachbeet-1.jpg\" data-link=\"https:\/\/www.buergerverein-moltkeviertel.de\/wordpress\/weissbachbeet-1\/\" class=\"wp-image-5492\" srcset=\"https:\/\/www.buergerverein-moltkeviertel.de\/wordpress\/wp-content\/uploads\/2021\/05\/Weissbachbeet-1-1024x576.jpg 1024w, https:\/\/www.buergerverein-moltkeviertel.de\/wordpress\/wp-content\/uploads\/2021\/05\/Weissbachbeet-1-300x169.jpg 300w, https:\/\/www.buergerverein-moltkeviertel.de\/wordpress\/wp-content\/uploads\/2021\/05\/Weissbachbeet-1-768x432.jpg 768w, https:\/\/www.buergerverein-moltkeviertel.de\/wordpress\/wp-content\/uploads\/2021\/05\/Weissbachbeet-1-1536x864.jpg 1536w, https:\/\/www.buergerverein-moltkeviertel.de\/wordpress\/wp-content\/uploads\/2021\/05\/Weissbachbeet-1-2048x1152.jpg 2048w, https:\/\/www.buergerverein-moltkeviertel.de\/wordpress\/wp-content\/uploads\/2021\/05\/Weissbachbeet-1-1820x1024.jpg 1820w, https:\/\/www.buergerverein-moltkeviertel.de\/wordpress\/wp-content\/uploads\/2021\/05\/Weissbachbeet-1-618x348.jpg 618w, https:\/\/www.buergerverein-moltkeviertel.de\/wordpress\/wp-content\/uploads\/2021\/05\/Weissbachbeet-1-444x250.jpg 444w\" sizes=\"auto, (max-width: 1024px) 100vw, 1024px\" \/><\/figure><\/li><\/ul><\/figure>\n\n\n\n<h2 class=\"wp-block-heading\">Baum gespendet: <br>Klimaresistenter Amberbaum<\/h2>\n\n\n\n<p>Seit Mitte Mai steht wieder ein gro\u00dfer Baum in der Gr\u00fcnanlage an der Robert-Schmidt-Stra\u00dfe: Dort, wo vor zwei Jahren eine alte, riesige Buche nach den hei\u00dfen Sommern eingegangen war, wurde ein Amberbaum (Liquidambar styraciflua) gepflanzt. Der B\u00fcrgerverein hat den Baum der Stadt Essen gespendet. Der Gartenbaubetrieb, der die Gr\u00fcnanlage im Auftrag der Stadt pflegt, wird sich auch nach der Pflanzung um den stattlichen Jungbaum k\u00fcmmern. Amberb\u00e4ume stammen aus Amerika. Sie gelten als besonders widerstandf\u00e4hig gegen W\u00e4rme, Trockenheit und Frost. Die Bl\u00e4tter bekommen im Herbst eine sch\u00f6ne F\u00e4rbung und das Laub haftet lange.<\/p>\n\n\n\n<figure class=\"wp-block-gallery columns-2 is-cropped wp-block-gallery-2 is-layout-flex wp-block-gallery-is-layout-flex\"><ul class=\"blocks-gallery-grid\"><li class=\"blocks-gallery-item\"><figure><img loading=\"lazy\" decoding=\"async\" width=\"536\" height=\"952\" src=\"https:\/\/www.buergerverein-moltkeviertel.de\/wordpress\/wp-content\/uploads\/2021\/05\/Amberbaum-1.jpg\" alt=\"\" data-id=\"5493\" data-full-url=\"https:\/\/www.buergerverein-moltkeviertel.de\/wordpress\/wp-content\/uploads\/2021\/05\/Amberbaum-1.jpg\" data-link=\"https:\/\/www.buergerverein-moltkeviertel.de\/wordpress\/amberbaum-1\/\" class=\"wp-image-5493\" srcset=\"https:\/\/www.buergerverein-moltkeviertel.de\/wordpress\/wp-content\/uploads\/2021\/05\/Amberbaum-1.jpg 536w, https:\/\/www.buergerverein-moltkeviertel.de\/wordpress\/wp-content\/uploads\/2021\/05\/Amberbaum-1-169x300.jpg 169w, https:\/\/www.buergerverein-moltkeviertel.de\/wordpress\/wp-content\/uploads\/2021\/05\/Amberbaum-1-250x444.jpg 250w\" sizes=\"auto, (max-width: 536px) 100vw, 536px\" \/><\/figure><\/li><li class=\"blocks-gallery-item\"><figure><img loading=\"lazy\" decoding=\"async\" width=\"536\" height=\"952\" src=\"https:\/\/www.buergerverein-moltkeviertel.de\/wordpress\/wp-content\/uploads\/2021\/05\/Amberbaum.jpg\" alt=\"\" data-id=\"5491\" data-full-url=\"https:\/\/www.buergerverein-moltkeviertel.de\/wordpress\/wp-content\/uploads\/2021\/05\/Amberbaum.jpg\" data-link=\"https:\/\/www.buergerverein-moltkeviertel.de\/wordpress\/amberbaum\/\" class=\"wp-image-5491\" srcset=\"https:\/\/www.buergerverein-moltkeviertel.de\/wordpress\/wp-content\/uploads\/2021\/05\/Amberbaum.jpg 536w, https:\/\/www.buergerverein-moltkeviertel.de\/wordpress\/wp-content\/uploads\/2021\/05\/Amberbaum-169x300.jpg 169w, https:\/\/www.buergerverein-moltkeviertel.de\/wordpress\/wp-content\/uploads\/2021\/05\/Amberbaum-250x444.jpg 250w\" sizes=\"auto, (max-width: 536px) 100vw, 536px\" \/><\/figure><\/li><\/ul><\/figure>\n","protected":false},"excerpt":{"rendered":"<p>Blumen gepflanzt Auch w\u00e4hrend der Pandemie ist der B\u00fcrgerverein Moltkeviertel aktiv. Im November hatten einige Mitglieder die Gr\u00fcnanlage zwischen Wei\u00dfbachstra\u00dfe und Robert-Schmidt-Stra\u00dfe versch\u00f6nert: Es wurden Dutzende Blumenzwiebeln, Clematis, Hortensien und Japanische Kerrie gepflanzt. Die Stadt Essen hatte zuvor durch einen Gartenbaubetrieb die alten Str\u00e4ucher stark zur\u00fcckschneiden oder roden lassen und kleine Str\u00e4ucher nachgepflanzt. Die Beete [&hellip;]<\/p>\n","protected":false},"author":9,"featured_media":0,"parent":0,"menu_order":0,"comment_status":"closed","ping_status":"closed","template":"","meta":{"footnotes":""},"class_list":["post-5496","page","type-page","status-publish","hentry"],"_links":{"self":[{"href":"https:\/\/www.buergerverein-moltkeviertel.de\/wordpress\/wp-json\/wp\/v2\/pages\/5496","targetHints":{"allow":["GET"]}}],"collection":[{"href":"https:\/\/www.buergerverein-moltkeviertel.de\/wordpress\/wp-json\/wp\/v2\/pages"}],"about":[{"href":"https:\/\/www.buergerverein-moltkeviertel.de\/wordpress\/wp-json\/wp\/v2\/types\/page"}],"author":[{"embeddable":true,"href":"https:\/\/www.buergerverein-moltkeviertel.de\/wordpress\/wp-json\/wp\/v2\/users\/9"}],"replies":[{"embeddable":true,"href":"https:\/\/www.buergerverein-moltkeviertel.de\/wordpress\/wp-json\/wp\/v2\/comments?post=5496"}],"version-history":[{"count":5,"href":"https:\/\/www.buergerverein-moltkeviertel.de\/wordpress\/wp-json\/wp\/v2\/pages\/5496\/revisions"}],"predecessor-version":[{"id":5501,"href":"https:\/\/www.buergerverein-moltkeviertel.de\/wordpress\/wp-json\/wp\/v2\/pages\/5496\/revisions\/5501"}],"wp:attachment":[{"href":"https:\/\/www.buergerverein-moltkeviertel.de\/wordpress\/wp-json\/wp\/v2\/media?parent=5496"}],"curies":[{"name":"wp","href":"https:\/\/api.w.org\/{rel}","templated":true}]}}