{"id":8,"date":"2012-12-14T02:43:41","date_gmt":"2012-12-14T00:43:41","guid":{"rendered":"http:\/\/blog.buergerverein-moltkeviertel.de\/wordpress\/?page_id=8"},"modified":"2025-05-07T18:14:30","modified_gmt":"2025-05-07T16:14:30","slug":"ueberuns","status":"publish","type":"page","link":"https:\/\/www.buergerverein-moltkeviertel.de\/wordpress\/ueberuns\/","title":{"rendered":"\u00dcber Uns"},"content":{"rendered":"<p><strong>\u00a0<\/strong><\/p>\n<p>B\u00fcrgerverein Moltkeviertel e.V. BM<br \/>\nc.\/o. Werner Schulte<br \/>\nMesselstra\u00dfe 1<br \/>\n45138 Essen<br \/>\nTel. 0201 251437<\/p>\n<p>E-Mail <a href=\"mailto:buergerverein@moltkeviertel.de\">info@buergerverein-moltkeviertel.de<\/a><\/p>\n<p><strong>Vorstand seit 12.12.2024<\/strong>:<br \/>\nAndrea Br\u00fcning (Vorsitzende), Hildegard Sa\u00df (stellv. Vorsitzende) und Werner Schulte (Kassenwart)<\/p>\n<p><strong>Konto<\/strong>: BM e.V. IBAN: DE37 3605 0105 0002 702132 &#8211; BIC: SPESDE3EXXX<\/p>\n<p>Der B\u00fcrgerverein Moltkeviertel e.V. (abgek\u00fcrzt &#8222;BM e.V.&#8220;) wurde am 10. M\u00e4rz 2011 gegr\u00fcndet.<\/p>\n<p>Er ist beim Amtsgericht Essen unter der Nummer VR 5196 eingetragen und vom zust\u00e4ndigen Finanzamt als gemeinn\u00fctzig anerkannt. F\u00fcr Spenden und Mitgliedsbeitr\u00e4ge stellt der Verein steuerlich ansetzbare Spendenquittungen aus.<\/p>\n<p><strong>Zweck und Aufgaben des B\u00fcrgervereins ergeben sich aus \u00a7 2 seiner <a href=\"https:\/\/www.buergerverein-moltkeviertel.de\/wordpress\/wp-content\/uploads\/2025\/05\/Satzung_BM_28.04.2022-Web-komplett.pdf\">Satzung<\/a>\u00a0(Zitat):<\/strong><\/p>\n<p>Das Moltkeviertel in Essen ist eine \u201emuster\u00adg\u00fcltige, st\u00e4dte\u00adbau\u00adliche Anlage mit her\u00advorragender Archi\u00adtek\u00adtur und Gr\u00fcn\u00adfl\u00e4chenplanung\u201c von \u201ebesonderer \u00fcberregionaler Be\u00addeutung\u201c &#8230;<\/p>\n<ul>\n<li><strong>Zweck des Vereins\u00a0<\/strong>ist es, das Moltkeviertel in diesem Gesamtcharakter zu erhalten, zu pflegen und an\u00adge\u00admessen weiter zu entwickeln sowie den B\u00fcrger\u00adsinn und das Zusammenleben seiner Anwohner nach Ma\u00dfen zu unter\u00adst\u00fctzen und zu f\u00f6rdern.<\/li>\n<\/ul>\n<p>Der Satzungszweck wird verwirklicht insbesondere durch:<\/p>\n<ul>\n<li><strong>Information\u00a0<\/strong>der \u00d6ffentlichkeit \u00fcber das Molt\u00adke\u00adviertel, seine Stadt\u00adplanung, Architektur und Gr\u00fcn\u00adfl\u00e4chen\u00ad\u00adplanung sowie seine Geschichte und Entwicklung.<\/li>\n<li><strong>Einflussnahme\u00a0<\/strong>auf Ma\u00df\u00adnahmen, die Auswirkungen auf das Moltke\u00adviertel, sein Er\u00adschei\u00ad\u00adnungs\u00adbild, seinen Charakter und die Lebensqualit\u00e4t seiner Anwohner haben.<\/li>\n<li>Durchf\u00fchrung von Ma\u00dfnahmen mit eigenen oder eingeworbenen Mitteln des Vereins oder in Eigenarbeit der Mitglieder des Vereins, die dem\u00a0<strong>Be\u00adwahren\u00a0<\/strong>des Charakters, dem\u00a0<strong>Erhalt\u00a0<\/strong>oder der\u00a0<strong>Ver\u00adbes\u00adserung\u00a0<\/strong>des Zustands oder des Erschei\u00adnungs\u00adbilds des Moltkeviertels und der\u00a0<strong>Lebensqualit\u00e4t<\/strong>\u00a0seiner Anwohner dienen, sowie Anregung und Un\u00adter\u00adst\u00fctzung von entsprechenden Ma\u00dfnahmen Dritter.<\/li>\n<li>Durchf\u00fchrung, Anregung oder Unterst\u00fctzung von Ma\u00dfnahmen, die den\u00a0<strong>B\u00fcrger\u00adsinn st\u00e4rken\u00a0<\/strong>und dem\u00a0<strong>Zu\u00adsam\u00admenleben der Anwohner\u00a0<\/strong>des Moltkeviertels dienen.\u00a0 (Zitatende)<\/li>\n<\/ul>\n<p>Klicken Sie hier f\u00fcr <a href=\"https:\/\/www.buergerverein-moltkeviertel.de\/wordpress\/wp-content\/uploads\/2025\/05\/Satzung_BM_28.04.2022-Web-komplett.pdf\">Satzung<\/a>, <a href=\"https:\/\/www.buergerverein-moltkeviertel.de\/wordpress\/wp-content\/uploads\/2019\/12\/Beitragsordnung-2019a.pdf\">Beitragsordnung<\/a> und <a href=\"https:\/\/www.buergerverein-moltkeviertel.de\/wordpress\/wp-content\/uploads\/2019\/12\/Aufnahmeantrag-2019a.pdf\">Aufnahmeantrag BM<\/a>\u00a0des B\u00fcrgervereins.<\/p>\n<p><strong>Der B\u00fcrgerverein hat sich mit seiner Gr\u00fcndung die folgenden Ziele gesteckt:<\/strong><\/p>\n<ul>\n<li>Information der Anwohner und der breiteren \u00d6ffentlichkeit insbesondere im Hinblick auf Bauwerke, Parkanlagen und ihre Architekten<\/li>\n<li>Verbesserung des Zustands von Stra\u00dfen, Pl\u00e4tzen und Gr\u00fcnanlagen<\/li>\n<li>F\u00f6rderung des Miteinanders und der Verbundenheit der B\u00fcrger im Moltkeviertel<\/li>\n<li>Wiederaufwertung und Wiederbelebung der Gr\u00fcnanlagen als Treffpunkte f\u00fcr alle<\/li>\n<\/ul>\n<p><strong>und hat in den letzten Jahren folgende Aktivit\u00e4ten durchgef\u00fchrt:<\/strong><\/p>\n<ul>\n<li>Sanierung und Belebung der Anna-Selbdritt Kapelle in der Wiebeanlage<\/li>\n<li>Ausstellung &#8222;historische Bilder&#8220; aus dem Moltkeviertel<\/li>\n<li>F\u00fchrungen durch das Moltkeviertel f\u00fcr Erwachsene und Kinder<\/li>\n<li>Pflege und Betreuung von Gr\u00fcnfl\u00e4chen<\/li>\n<li>S\u00e4uberung und Graffiti-Reinigung<\/li>\n<li>monatliche samstagsKUNST mit raum45<\/li>\n<li>monatliche Treffen &#8211; immer donnerstags ab 19 Uhr &#8211; im Moltkeviertel und in der n\u00e4heren Umgebung<\/li>\n<li>Events (Stra\u00dfenfest &#8222;Semper trifft Olbrich bei Moltkes&#8220;, Weinproben&#8230;) um das Miteinander zu f\u00f6rdern<\/li>\n<li>Lesungen und Vortr\u00e4ge<\/li>\n<li>Boule, Kegeln, Doppelkopf und &#8222;nordic talking&#8220;<\/li>\n<li>k\u00fcnstlerische Gestaltung von beschmierten Parkb\u00e4nken, Trafoh\u00e4uschen etc. im\u00a0Viertel<\/li>\n<li>tempor\u00e4re Kunstausstellung &#8222;nach Ela&#8220; mit der Hochschule f\u00fcr bildende K\u00fcnste HBK Essen<\/li>\n<li>Mit der Kamera durch das Moltkeviertel &#8222;Fotowettbewerb&#8220;<\/li>\n<li>Sanierung der Turmuhr des Berufskollegs der Robert-Schmidt-Schule<\/li>\n<li>Erneuerung von M\u00fcllbeh\u00e4ltern im Viertel<\/li>\n<\/ul>\n<p>Sie finden den B\u00fcrgerverein Moltkeviertel e.V. im\u00a0\u00a0<a href=\"https:\/\/www.handelsregister.de\/rp_web\/welcome.do\" target=\"_blank\" rel=\"noopener noreferrer\">Registerportal\u00a0\u00a0<\/a>unter<\/p>\n<p>Registerart:\u00a0\u00a0\u00a0\u00a0\u00a0 VR<br \/>\nRegisternummer:\u00a0\u00a0 5196<br \/>\nRegistergericht:\u00a0 Essen<\/p>\n<p>Vielen Dank f\u00fcr Ihr Interesse!<\/p>\n<p>Gestalten Sie mit uns das Leben im Moltkeviertel.\u00a0Unterst\u00fctzen Sie unsere Arbeit.<br \/>\nWerden Sie Mitglied des B\u00fcrgervereins Moltkeviertel e.V.<br \/>\nWir freuen uns auf Sie!<\/p>\n","protected":false},"excerpt":{"rendered":"<p>\u00a0 B\u00fcrgerverein Moltkeviertel e.V. BM c.\/o. Werner Schulte Messelstra\u00dfe 1 45138 Essen Tel. 0201 251437 E-Mail info@buergerverein-moltkeviertel.de Vorstand seit 12.12.2024: Andrea Br\u00fcning (Vorsitzende), Hildegard Sa\u00df (stellv. Vorsitzende) und Werner Schulte (Kassenwart) Konto: BM e.V. IBAN: DE37 3605 0105 0002 702132 &#8211; BIC: SPESDE3EXXX Der B\u00fcrgerverein Moltkeviertel e.V. (abgek\u00fcrzt &#8222;BM e.V.&#8220;) wurde am 10. M\u00e4rz 2011 [&hellip;]<\/p>\n","protected":false},"author":9,"featured_media":0,"parent":0,"menu_order":0,"comment_status":"closed","ping_status":"closed","template":"","meta":{"footnotes":""},"class_list":["post-8","page","type-page","status-publish","hentry"],"_links":{"self":[{"href":"https:\/\/www.buergerverein-moltkeviertel.de\/wordpress\/wp-json\/wp\/v2\/pages\/8","targetHints":{"allow":["GET"]}}],"collection":[{"href":"https:\/\/www.buergerverein-moltkeviertel.de\/wordpress\/wp-json\/wp\/v2\/pages"}],"about":[{"href":"https:\/\/www.buergerverein-moltkeviertel.de\/wordpress\/wp-json\/wp\/v2\/types\/page"}],"author":[{"embeddable":true,"href":"https:\/\/www.buergerverein-moltkeviertel.de\/wordpress\/wp-json\/wp\/v2\/users\/9"}],"replies":[{"embeddable":true,"href":"https:\/\/www.buergerverein-moltkeviertel.de\/wordpress\/wp-json\/wp\/v2\/comments?post=8"}],"version-history":[{"count":19,"href":"https:\/\/www.buergerverein-moltkeviertel.de\/wordpress\/wp-json\/wp\/v2\/pages\/8\/revisions"}],"predecessor-version":[{"id":5897,"href":"https:\/\/www.buergerverein-moltkeviertel.de\/wordpress\/wp-json\/wp\/v2\/pages\/8\/revisions\/5897"}],"wp:attachment":[{"href":"https:\/\/www.buergerverein-moltkeviertel.de\/wordpress\/wp-json\/wp\/v2\/media?parent=8"}],"curies":[{"name":"wp","href":"https:\/\/api.w.org\/{rel}","templated":true}]}}